{"id":410,"date":"2024-09-11T09:21:21","date_gmt":"2024-09-11T09:21:21","guid":{"rendered":"https:\/\/nasalhelper.pt\/?page_id=410"},"modified":"2024-10-17T09:56:55","modified_gmt":"2024-10-17T09:56:55","slug":"a-nossa-historia","status":"publish","type":"page","link":"https:\/\/es.nasalhelper.pt\/es\/a-nossa-historia\/","title":{"rendered":"Nuestra Historia"},"content":{"rendered":"<p>[et_pb_section fb_built=&#8221;1&#8243; next_background_color=&#8221;#ffffff&#8221; _builder_version=&#8221;4.27.0&#8243; _module_preset=&#8221;default&#8221; background_color=&#8221;#2a73a4&#8243; use_background_color_gradient=&#8221;on&#8221; background_color_gradient_stops=&#8221;rgba(42,115,164,0.69) 0%|rgba(42,115,164,0.6) 100%&#8221; background_color_gradient_overlays_image=&#8221;on&#8221; background_image=&#8221;https:\/\/nasalhelper.pt\/wp-content\/uploads\/2024\/08\/photorealistic-style-clouds-scaled.jpg&#8221; custom_margin=&#8221;-40px||||false|false&#8221; custom_padding=&#8221;100px||||false|false&#8221; bottom_divider_style=&#8221;clouds2&#8243; animation_style=&#8221;slide&#8221; animation_direction=&#8221;bottom&#8221; animation_intensity_slide=&#8221;1%&#8221; global_colors_info=&#8221;{}&#8221;][\/et_pb_section][et_pb_section fb_built=&#8221;1&#8243; _builder_version=&#8221;4.27.0&#8243; _module_preset=&#8221;default&#8221; animation_style=&#8221;slide&#8221; animation_direction=&#8221;bottom&#8221; animation_duration=&#8221;1350ms&#8221; animation_intensity_slide=&#8221;1%&#8221; global_colors_info=&#8221;{}&#8221;][et_pb_row column_structure=&#8221;3_5,2_5&#8243; make_equal=&#8221;on&#8221; _builder_version=&#8221;4.27.0&#8243; _module_preset=&#8221;default&#8221; global_colors_info=&#8221;{}&#8221;][et_pb_column type=&#8221;3_5&#8243; _builder_version=&#8221;4.27.0&#8243; _module_preset=&#8221;default&#8221; global_colors_info=&#8221;{}&#8221;][et_pb_post_title meta=&#8221;off&#8221; featured_image=&#8221;off&#8221; _builder_version=&#8221;4.27.0&#8243; _module_preset=&#8221;default&#8221; title_font_size=&#8221;46px&#8221; title_font_size_tablet=&#8221;46px&#8221; title_font_size_phone=&#8221;34px&#8221; title_font_size_last_edited=&#8221;on|phone&#8221; global_colors_info=&#8221;{}&#8221;][\/et_pb_post_title][et_pb_text _builder_version=&#8221;4.27.0&#8243; _module_preset=&#8221;default&#8221; text_font=&#8221;Poppins|300|||||||&#8221; text_font_size=&#8221;16px&#8221; text_line_height=&#8221;1.8em&#8221; text_orientation=&#8221;justified&#8221; global_colors_info=&#8221;{}&#8221;]<\/p>\n<p>NasalHelper naci\u00f3 de una necesidad personal. Como muchas personas, nos enfrentamos diariamente a molestias provocadas por problemas respiratorios y ronquidos.<\/p>\n<p>Sabemos c\u00f3mo las noches de insomnio afectan nuestra energ\u00eda, productividad y bienestar.<\/p>\n<p>Y, por lo tanto, hemos decidido hacer algo al respecto.<\/p>\n<p>Despu\u00e9s de a\u00f1os de probar diferentes productos en el mercado, nos encontramos con la misma frustraci\u00f3n: soluciones temporales o ineficaces. Fue entonces cuando decidimos buscar una respuesta definitiva, algo que realmente solucionara el problema.<\/p>\n<p>A trav\u00e9s de investigaciones y pruebas, encontramos la soluci\u00f3n ideal: las tiras nasales magn\u00e9ticas NasalHelper.<\/p>\n<p>Hoy en d\u00eda, nuestra misi\u00f3n es muy simple: <strong>ayudar a las personas a respirar mejor, dormir mejor y vivir mejor.<\/strong><\/p>\n<p>NasalHelper no es una marca m\u00e1s en el mercado. Es nuestra respuesta personal a un problema com\u00fan, ahora compartido con todos aquellos que enfrentan las mismas dificultades. Ya sea que tenga ronquidos, dificultades respiratorias durante el ejercicio o simplemente busque una mejor calidad de vida, estamos aqu\u00ed para ayudarlo.<\/p>\n<p><strong>Porque, al fin y al cabo, nosotros tambi\u00e9n est\u00e1bamos all\u00ed.<\/strong><\/p>\n<p>[\/et_pb_text][\/et_pb_column][et_pb_column type=&#8221;2_5&#8243; _builder_version=&#8221;4.27.0&#8243; _module_preset=&#8221;default&#8221; custom_css_main_element=&#8221;||  display: flex;||  justify-content: center;||  align-items: center;||&#8221; global_colors_info=&#8221;{}&#8221;][et_pb_image src=&#8221;https:\/\/nasalhelper.pt\/wp-content\/uploads\/2024\/10\/Nasal-Helper-Respire-Melhor-Durma-Melhor.png&#8221; title_text=&#8221;Nasal-Helper&#8211;Respire-Melhor,-Durma-Melhor&#8221; _builder_version=&#8221;4.27.0&#8243; _module_preset=&#8221;default&#8221; hover_enabled=&#8221;0&#8243; global_colors_info=&#8221;{}&#8221; sticky_enabled=&#8221;0&#8243;][\/et_pb_image][\/et_pb_column][\/et_pb_row][\/et_pb_section][et_pb_section fb_built=&#8221;1&#8243; prev_background_color=&#8221;#ffffff&#8221; _builder_version=&#8221;4.27.0&#8243; _module_preset=&#8221;default&#8221; background_color=&#8221;#2a73a4&#8243; use_background_color_gradient=&#8221;on&#8221; background_color_gradient_stops=&#8221;rgba(42,115,164,0.69) 47%|#2a73a4 100%&#8221; background_color_gradient_overlays_image=&#8221;on&#8221; background_image=&#8221;https:\/\/nasalhelper.pt\/wp-content\/uploads\/2024\/08\/photorealistic-style-clouds-scaled.jpg&#8221; custom_margin=&#8221;-40px||||false|false&#8221; custom_padding=&#8221;100px||||false|false&#8221; top_divider_style=&#8221;clouds2&#8243; bottom_divider_arrangement=&#8221;above_content&#8221; animation_style=&#8221;slide&#8221; animation_direction=&#8221;bottom&#8221; animation_intensity_slide=&#8221;1%&#8221; global_colors_info=&#8221;{}&#8221;][\/et_pb_section]<\/p>","protected":false},"excerpt":{"rendered":"<p>A NasalHelper nasceu de uma necessidade pessoal. Como muitas pessoas, enfrentamos o desconforto di\u00e1rio causado por problemas de respira\u00e7\u00e3o e ressonar. Sabemos como noites mal dormidas afetam a nossa energia, produtividade e bem-estar. E, por isso, decidimos fazer algo a respeito. Ap\u00f3s anos a experimentar diferentes produtos no mercado, depar\u00e1mo-nos com a mesma frustra\u00e7\u00e3o: solu\u00e7\u00f5es [&hellip;]<\/p>","protected":false},"author":1,"featured_media":0,"parent":0,"menu_order":0,"comment_status":"closed","ping_status":"closed","template":"","meta":{"_et_pb_use_builder":"on","_et_pb_old_content":"","_et_gb_content_width":"","footnotes":""},"class_list":["post-410","page","type-page","status-publish","hentry"],"yoast_head":"<!-- This site is optimized with the Yoast SEO plugin v23.3 - https:\/\/yoast.com\/wordpress\/plugins\/seo\/ -->\n<title>A nossa Hist\u00f3ria - Nasal Helper<\/title>\n<meta name=\"robots\" content=\"index, follow, max-snippet:-1, max-image-preview:large, max-video-preview:-1\" \/>\n<link rel=\"canonical\" href=\"https:\/\/es.nasalhelper.pt\/es\/a-nossa-historia\/\" \/>\n<meta property=\"og:locale\" content=\"es_ES\" \/>\n<meta property=\"og:type\" content=\"article\" \/>\n<meta property=\"og:title\" content=\"A nossa Hist\u00f3ria - Nasal Helper\" \/>\n<meta property=\"og:description\" content=\"A NasalHelper nasceu de uma necessidade pessoal. Como muitas pessoas, enfrentamos o desconforto di\u00e1rio causado por problemas de respira\u00e7\u00e3o e ressonar. Sabemos como noites mal dormidas afetam a nossa energia, produtividade e bem-estar. E, por isso, decidimos fazer algo a respeito. Ap\u00f3s anos a experimentar diferentes produtos no mercado, depar\u00e1mo-nos com a mesma frustra\u00e7\u00e3o: solu\u00e7\u00f5es [&hellip;]\" \/>\n<meta property=\"og:url\" content=\"https:\/\/es.nasalhelper.pt\/es\/a-nossa-historia\/\" \/>\n<meta property=\"og:site_name\" content=\"Nasal Helper\" \/>\n<meta property=\"article:modified_time\" content=\"2024-10-17T09:56:55+00:00\" \/>\n<meta name=\"twitter:card\" content=\"summary_large_image\" \/>\n<meta name=\"twitter:label1\" content=\"Tiempo de lectura\" \/>\n\t<meta name=\"twitter:data1\" content=\"2 minutos\" \/>\n<script type=\"application\/ld+json\" class=\"yoast-schema-graph\">{\"@context\":\"https:\/\/schema.org\",\"@graph\":[{\"@type\":\"WebPage\",\"@id\":\"https:\/\/es.nasalhelper.pt\/a-nossa-historia\/\",\"url\":\"https:\/\/es.nasalhelper.pt\/a-nossa-historia\/\",\"name\":\"A nossa Hist\u00f3ria - Nasal Helper\",\"isPartOf\":{\"@id\":\"https:\/\/es.nasalhelper.pt\/#website\"},\"datePublished\":\"2024-09-11T09:21:21+00:00\",\"dateModified\":\"2024-10-17T09:56:55+00:00\",\"breadcrumb\":{\"@id\":\"https:\/\/es.nasalhelper.pt\/a-nossa-historia\/#breadcrumb\"},\"inLanguage\":\"es\",\"potentialAction\":[{\"@type\":\"ReadAction\",\"target\":[\"https:\/\/es.nasalhelper.pt\/a-nossa-historia\/\"]}]},{\"@type\":\"BreadcrumbList\",\"@id\":\"https:\/\/es.nasalhelper.pt\/a-nossa-historia\/#breadcrumb\",\"itemListElement\":[{\"@type\":\"ListItem\",\"position\":1,\"name\":\"In\u00edcio\",\"item\":\"https:\/\/es.nasalhelper.pt\/\"},{\"@type\":\"ListItem\",\"position\":2,\"name\":\"A nossa Hist\u00f3ria\"}]},{\"@type\":\"WebSite\",\"@id\":\"https:\/\/es.nasalhelper.pt\/#website\",\"url\":\"https:\/\/es.nasalhelper.pt\/\",\"name\":\"Nasal Helper\",\"description\":\"Breathe Better\",\"potentialAction\":[{\"@type\":\"SearchAction\",\"target\":{\"@type\":\"EntryPoint\",\"urlTemplate\":\"https:\/\/es.nasalhelper.pt\/?s={search_term_string}\"},\"query-input\":\"required name=search_term_string\"}],\"inLanguage\":\"es\"}]}<\/script>\n<!-- \/ Yoast SEO plugin. -->","yoast_head_json":{"title":"A nossa Hist\u00f3ria - Nasal Helper","robots":{"index":"index","follow":"follow","max-snippet":"max-snippet:-1","max-image-preview":"max-image-preview:large","max-video-preview":"max-video-preview:-1"},"canonical":"https:\/\/es.nasalhelper.pt\/es\/a-nossa-historia\/","og_locale":"es_ES","og_type":"article","og_title":"A nossa Hist\u00f3ria - Nasal Helper","og_description":"A NasalHelper nasceu de uma necessidade pessoal. Como muitas pessoas, enfrentamos o desconforto di\u00e1rio causado por problemas de respira\u00e7\u00e3o e ressonar. Sabemos como noites mal dormidas afetam a nossa energia, produtividade e bem-estar. E, por isso, decidimos fazer algo a respeito. Ap\u00f3s anos a experimentar diferentes produtos no mercado, depar\u00e1mo-nos com a mesma frustra\u00e7\u00e3o: solu\u00e7\u00f5es [&hellip;]","og_url":"https:\/\/es.nasalhelper.pt\/es\/a-nossa-historia\/","og_site_name":"Nasal Helper","article_modified_time":"2024-10-17T09:56:55+00:00","twitter_card":"summary_large_image","twitter_misc":{"Tiempo de lectura":"2 minutos"},"schema":{"@context":"https:\/\/schema.org","@graph":[{"@type":"WebPage","@id":"https:\/\/es.nasalhelper.pt\/a-nossa-historia\/","url":"https:\/\/es.nasalhelper.pt\/a-nossa-historia\/","name":"A nossa Hist\u00f3ria - Nasal Helper","isPartOf":{"@id":"https:\/\/es.nasalhelper.pt\/#website"},"datePublished":"2024-09-11T09:21:21+00:00","dateModified":"2024-10-17T09:56:55+00:00","breadcrumb":{"@id":"https:\/\/es.nasalhelper.pt\/a-nossa-historia\/#breadcrumb"},"inLanguage":"es","potentialAction":[{"@type":"ReadAction","target":["https:\/\/es.nasalhelper.pt\/a-nossa-historia\/"]}]},{"@type":"BreadcrumbList","@id":"https:\/\/es.nasalhelper.pt\/a-nossa-historia\/#breadcrumb","itemListElement":[{"@type":"ListItem","position":1,"name":"In\u00edcio","item":"https:\/\/es.nasalhelper.pt\/"},{"@type":"ListItem","position":2,"name":"A nossa Hist\u00f3ria"}]},{"@type":"WebSite","@id":"https:\/\/es.nasalhelper.pt\/#website","url":"https:\/\/es.nasalhelper.pt\/","name":"Nasal Helper","description":"Breathe Better","potentialAction":[{"@type":"SearchAction","target":{"@type":"EntryPoint","urlTemplate":"https:\/\/es.nasalhelper.pt\/?s={search_term_string}"},"query-input":"required name=search_term_string"}],"inLanguage":"es"}]}},"_links":{"self":[{"href":"https:\/\/es.nasalhelper.pt\/es\/wp-json\/wp\/v2\/pages\/410","targetHints":{"allow":["GET"]}}],"collection":[{"href":"https:\/\/es.nasalhelper.pt\/es\/wp-json\/wp\/v2\/pages"}],"about":[{"href":"https:\/\/es.nasalhelper.pt\/es\/wp-json\/wp\/v2\/types\/page"}],"author":[{"embeddable":true,"href":"https:\/\/es.nasalhelper.pt\/es\/wp-json\/wp\/v2\/users\/1"}],"replies":[{"embeddable":true,"href":"https:\/\/es.nasalhelper.pt\/es\/wp-json\/wp\/v2\/comments?post=410"}],"version-history":[{"count":9,"href":"https:\/\/es.nasalhelper.pt\/es\/wp-json\/wp\/v2\/pages\/410\/revisions"}],"predecessor-version":[{"id":1439,"href":"https:\/\/es.nasalhelper.pt\/es\/wp-json\/wp\/v2\/pages\/410\/revisions\/1439"}],"wp:attachment":[{"href":"https:\/\/es.nasalhelper.pt\/es\/wp-json\/wp\/v2\/media?parent=410"}],"curies":[{"name":"wp","href":"https:\/\/api.w.org\/{rel}","templated":true}]}}